{"id":9679,"date":"2022-03-08T00:40:20","date_gmt":"2022-03-07T22:40:20","guid":{"rendered":"https:\/\/aquaesteam.upc.edu\/?page_id=9679"},"modified":"2023-12-15T01:19:50","modified_gmt":"2023-12-14T23:19:50","slug":"temps-daigua","status":"publish","type":"page","link":"https:\/\/aquaesteam.upc.edu\/index.php\/temps-daigua\/","title":{"rendered":"Temps d&#8217;Aigua"},"content":{"rendered":"\n<div style=\"height:61px\" aria-hidden=\"true\" class=\"wp-block-spacer\"><\/div>\n\n\n\n<h3 class=\"wp-block-heading\"><em>Temps de &#8230; <\/em>\u00e9s un programa d&#8217;activitats que gira al voltant d&#8217;un tema STEAM, en el que es troben universitat i ciutat.<\/h3>\n\n\n\n<h4 class=\"wp-block-heading\">El programa va neixer el 2016, impulsat per Montserrat Alsina (professora UPC) amb el suport de la Biblioteca Ateneu Les Bases. <\/h4>\n\n\n\n<h4 class=\"wp-block-heading\">El seu desenvolupament ha perm\u00e8s dissenyar i crear tallers i activitats diverses, i produir material d&#8217;exposicions i material did\u00e0ctic com a recursos de formaci\u00f3 continuada.<\/h4>\n\n\n\n<h4 class=\"wp-block-heading\">EDICIONS: <\/h4>\n\n\n\n<h4 class=\"wp-block-heading\"><em>Temps de Matem\u00e0tiques<\/em> (2016)<br><em>Temps de Roques i Minerals<\/em> (2017) <br><em>Temps de Qu\u00edmica<\/em> (2018)<br><em>Temps de Robots<\/em> (2019)<br><br><em>Temps d&#8217;Aigua<\/em> t\u00e9 un enfocament multidisciplinar. <br>Es va estrenar el 2022 amb un programa ric i divers que mostrem a continuaci\u00f3. <br>Diverses activitats i materials segueixen disponibles, a demanda.<\/h4>\n\n\n\n<p><strong>CONTACTEU<\/strong> via aquaesteam.info@upc.edu  per participar a la itiner\u00e0ncia de l&#8217;exposici\u00f3 d&#8217;<strong>Art i Aigua<\/strong>. <br>Mostra gratu\u00efta.<\/p>\n\n\n\n<p><\/p>\n\n\n\n<p><\/p>\n\n\n\n<h2 class=\"wp-block-heading\">Programa de Temps d&#8217;Aigua<\/h2>\n\n\n\n<p>Consulteu el programa del 2022 com a mostra:<\/p>\n\n\n\n<figure class=\"wp-block-image size-full\"><img fetchpriority=\"high\" decoding=\"async\" width=\"905\" height=\"1280\" src=\"https:\/\/aquaesteam.upc.edu\/wp-content\/uploads\/2022\/03\/Cartell-programa.jpeg\" alt=\"\" class=\"wp-image-9863\" srcset=\"https:\/\/aquaesteam.upc.edu\/wp-content\/uploads\/2022\/03\/Cartell-programa.jpeg 905w, https:\/\/aquaesteam.upc.edu\/wp-content\/uploads\/2022\/03\/Cartell-programa-212x300.jpeg 212w, https:\/\/aquaesteam.upc.edu\/wp-content\/uploads\/2022\/03\/Cartell-programa-724x1024.jpeg 724w, https:\/\/aquaesteam.upc.edu\/wp-content\/uploads\/2022\/03\/Cartell-programa-768x1086.jpeg 768w\" sizes=\"(max-width: 905px) 100vw, 905px\" \/><\/figure>\n\n\n\n<div class=\"wp-block-file\"><a id=\"wp-block-file--media-d9e57fe3-9b28-402f-b265-8bc8f2f7ea3e\" href=\"https:\/\/aquaesteam.upc.edu\/wp-content\/uploads\/2022\/03\/Cartell-A3.pdf\">Descarregar Programa<\/a><a href=\"https:\/\/aquaesteam.upc.edu\/wp-content\/uploads\/2022\/03\/Cartell-A3.pdf\" class=\"wp-block-file__button wp-element-button\" download aria-describedby=\"wp-block-file--media-d9e57fe3-9b28-402f-b265-8bc8f2f7ea3e\">Baixa<\/a><\/div>\n\n\n\n<p><\/p>\n\n\n\n<figure class=\"wp-block-image size-full\"><img decoding=\"async\" width=\"1280\" height=\"905\" src=\"https:\/\/aquaesteam.upc.edu\/wp-content\/uploads\/2022\/03\/Programa.jpeg\" alt=\"\" class=\"wp-image-9865\" srcset=\"https:\/\/aquaesteam.upc.edu\/wp-content\/uploads\/2022\/03\/Programa.jpeg 1280w, https:\/\/aquaesteam.upc.edu\/wp-content\/uploads\/2022\/03\/Programa-300x212.jpeg 300w, https:\/\/aquaesteam.upc.edu\/wp-content\/uploads\/2022\/03\/Programa-1024x724.jpeg 1024w, https:\/\/aquaesteam.upc.edu\/wp-content\/uploads\/2022\/03\/Programa-768x543.jpeg 768w\" sizes=\"(max-width: 1280px) 100vw, 1280px\" \/><\/figure>\n\n\n\n<figure class=\"wp-block-image size-full\"><img decoding=\"async\" width=\"1280\" height=\"905\" src=\"https:\/\/aquaesteam.upc.edu\/wp-content\/uploads\/2022\/03\/Programa2.jpeg\" alt=\"\" class=\"wp-image-9864\" srcset=\"https:\/\/aquaesteam.upc.edu\/wp-content\/uploads\/2022\/03\/Programa2.jpeg 1280w, https:\/\/aquaesteam.upc.edu\/wp-content\/uploads\/2022\/03\/Programa2-300x212.jpeg 300w, https:\/\/aquaesteam.upc.edu\/wp-content\/uploads\/2022\/03\/Programa2-1024x724.jpeg 1024w, https:\/\/aquaesteam.upc.edu\/wp-content\/uploads\/2022\/03\/Programa2-768x543.jpeg 768w\" sizes=\"(max-width: 1280px) 100vw, 1280px\" \/><\/figure>\n\n\n\n<div class=\"wp-block-file\"><a id=\"wp-block-file--media-62ff97cf-c8dd-4720-9237-6c59ddfc3875\" href=\"https:\/\/aquaesteam.upc.edu\/wp-content\/uploads\/2022\/03\/Diptic-A4-horitzontal.pdf\">Descarregar d\u00edptic del programa<\/a><a href=\"https:\/\/aquaesteam.upc.edu\/wp-content\/uploads\/2022\/03\/Diptic-A4-horitzontal.pdf\" class=\"wp-block-file__button wp-element-button\" download aria-describedby=\"wp-block-file--media-62ff97cf-c8dd-4720-9237-6c59ddfc3875\">Baixa<\/a><\/div>\n\n\n\n<p><\/p>\n\n\n\n<div class=\"wp-block-columns is-layout-flex wp-container-core-columns-is-layout-28f84493 wp-block-columns-is-layout-flex\">\n<div class=\"wp-block-column is-layout-flow wp-block-column-is-layout-flow\">\n<figure class=\"wp-block-image size-large\"><img loading=\"lazy\" decoding=\"async\" width=\"724\" height=\"1024\" src=\"https:\/\/aquaesteam.upc.edu\/wp-content\/uploads\/2022\/03\/1-724x1024.png\" alt=\"\" class=\"wp-image-10113\" srcset=\"https:\/\/aquaesteam.upc.edu\/wp-content\/uploads\/2022\/03\/1-724x1024.png 724w, https:\/\/aquaesteam.upc.edu\/wp-content\/uploads\/2022\/03\/1-212x300.png 212w, https:\/\/aquaesteam.upc.edu\/wp-content\/uploads\/2022\/03\/1-768x1086.png 768w, https:\/\/aquaesteam.upc.edu\/wp-content\/uploads\/2022\/03\/1-1087x1536.png 1087w, https:\/\/aquaesteam.upc.edu\/wp-content\/uploads\/2022\/03\/1.png 1378w\" sizes=\"(max-width: 724px) 100vw, 724px\" \/><\/figure>\n<\/div>\n\n\n\n<div class=\"wp-block-column is-layout-flow wp-block-column-is-layout-flow\">\n<figure class=\"wp-block-image size-large\"><img loading=\"lazy\" decoding=\"async\" width=\"711\" height=\"1024\" src=\"https:\/\/aquaesteam.upc.edu\/wp-content\/uploads\/2022\/03\/2-711x1024.png\" alt=\"\" class=\"wp-image-10114\" srcset=\"https:\/\/aquaesteam.upc.edu\/wp-content\/uploads\/2022\/03\/2-711x1024.png 711w, https:\/\/aquaesteam.upc.edu\/wp-content\/uploads\/2022\/03\/2-208x300.png 208w, https:\/\/aquaesteam.upc.edu\/wp-content\/uploads\/2022\/03\/2-768x1106.png 768w, https:\/\/aquaesteam.upc.edu\/wp-content\/uploads\/2022\/03\/2-1067x1536.png 1067w, https:\/\/aquaesteam.upc.edu\/wp-content\/uploads\/2022\/03\/2.png 1350w\" sizes=\"(max-width: 711px) 100vw, 711px\" \/><\/figure>\n<\/div>\n<\/div>\n\n\n\n<div class=\"wp-block-columns is-layout-flex wp-container-core-columns-is-layout-28f84493 wp-block-columns-is-layout-flex\">\n<div class=\"wp-block-column is-layout-flow wp-block-column-is-layout-flow\">\n<figure class=\"wp-block-image size-large\"><img loading=\"lazy\" decoding=\"async\" width=\"730\" height=\"1024\" src=\"https:\/\/aquaesteam.upc.edu\/wp-content\/uploads\/2022\/03\/7-730x1024.png\" alt=\"\" class=\"wp-image-10115\" srcset=\"https:\/\/aquaesteam.upc.edu\/wp-content\/uploads\/2022\/03\/7-730x1024.png 730w, https:\/\/aquaesteam.upc.edu\/wp-content\/uploads\/2022\/03\/7-214x300.png 214w, https:\/\/aquaesteam.upc.edu\/wp-content\/uploads\/2022\/03\/7-768x1077.png 768w, https:\/\/aquaesteam.upc.edu\/wp-content\/uploads\/2022\/03\/7-1095x1536.png 1095w, https:\/\/aquaesteam.upc.edu\/wp-content\/uploads\/2022\/03\/7.png 1390w\" sizes=\"(max-width: 730px) 100vw, 730px\" \/><\/figure>\n<\/div>\n\n\n\n<div class=\"wp-block-column is-layout-flow wp-block-column-is-layout-flow\">\n<figure class=\"wp-block-image size-large\"><img loading=\"lazy\" decoding=\"async\" width=\"725\" height=\"1024\" src=\"https:\/\/aquaesteam.upc.edu\/wp-content\/uploads\/2022\/03\/6-725x1024.png\" alt=\"\" class=\"wp-image-10116\" srcset=\"https:\/\/aquaesteam.upc.edu\/wp-content\/uploads\/2022\/03\/6-725x1024.png 725w, https:\/\/aquaesteam.upc.edu\/wp-content\/uploads\/2022\/03\/6-212x300.png 212w, https:\/\/aquaesteam.upc.edu\/wp-content\/uploads\/2022\/03\/6-768x1085.png 768w, https:\/\/aquaesteam.upc.edu\/wp-content\/uploads\/2022\/03\/6-1088x1536.png 1088w, https:\/\/aquaesteam.upc.edu\/wp-content\/uploads\/2022\/03\/6.png 1378w\" sizes=\"(max-width: 725px) 100vw, 725px\" \/><\/figure>\n<\/div>\n<\/div>\n\n\n\n<div class=\"wp-block-columns is-layout-flex wp-container-core-columns-is-layout-28f84493 wp-block-columns-is-layout-flex\">\n<div class=\"wp-block-column is-layout-flow wp-block-column-is-layout-flow\">\n<figure class=\"wp-block-image size-large\"><img loading=\"lazy\" decoding=\"async\" width=\"725\" height=\"1024\" src=\"https:\/\/aquaesteam.upc.edu\/wp-content\/uploads\/2022\/03\/5-725x1024.png\" alt=\"\" class=\"wp-image-10117\" srcset=\"https:\/\/aquaesteam.upc.edu\/wp-content\/uploads\/2022\/03\/5-725x1024.png 725w, https:\/\/aquaesteam.upc.edu\/wp-content\/uploads\/2022\/03\/5-212x300.png 212w, https:\/\/aquaesteam.upc.edu\/wp-content\/uploads\/2022\/03\/5-768x1085.png 768w, https:\/\/aquaesteam.upc.edu\/wp-content\/uploads\/2022\/03\/5-1087x1536.png 1087w, https:\/\/aquaesteam.upc.edu\/wp-content\/uploads\/2022\/03\/5.png 1380w\" sizes=\"(max-width: 725px) 100vw, 725px\" \/><\/figure>\n<\/div>\n\n\n\n<div class=\"wp-block-column is-layout-flow wp-block-column-is-layout-flow\">\n<figure class=\"wp-block-image size-large\"><img loading=\"lazy\" decoding=\"async\" width=\"1376\" height=\"1940\" src=\"https:\/\/aquaesteam.upc.edu\/wp-content\/uploads\/2022\/03\/4-726x1024.png\" alt=\"\" class=\"wp-image-10118\" srcset=\"https:\/\/aquaesteam.upc.edu\/wp-content\/uploads\/2022\/03\/4-726x1024.png 726w, https:\/\/aquaesteam.upc.edu\/wp-content\/uploads\/2022\/03\/4-213x300.png 213w, https:\/\/aquaesteam.upc.edu\/wp-content\/uploads\/2022\/03\/4-768x1083.png 768w, https:\/\/aquaesteam.upc.edu\/wp-content\/uploads\/2022\/03\/4-1089x1536.png 1089w, https:\/\/aquaesteam.upc.edu\/wp-content\/uploads\/2022\/03\/4.png 1376w\" sizes=\"(max-width: 1376px) 100vw, 1376px\" \/><\/figure>\n<\/div>\n<\/div>\n\n\n\n<div class=\"wp-block-columns is-layout-flex wp-container-core-columns-is-layout-28f84493 wp-block-columns-is-layout-flex\">\n<div class=\"wp-block-column is-layout-flow wp-block-column-is-layout-flow\">\n<figure class=\"wp-block-image size-large\"><img loading=\"lazy\" decoding=\"async\" width=\"724\" height=\"1024\" src=\"https:\/\/aquaesteam.upc.edu\/wp-content\/uploads\/2022\/03\/3-724x1024.png\" alt=\"\" class=\"wp-image-10119\" srcset=\"https:\/\/aquaesteam.upc.edu\/wp-content\/uploads\/2022\/03\/3-724x1024.png 724w, https:\/\/aquaesteam.upc.edu\/wp-content\/uploads\/2022\/03\/3-212x300.png 212w, https:\/\/aquaesteam.upc.edu\/wp-content\/uploads\/2022\/03\/3-768x1086.png 768w, https:\/\/aquaesteam.upc.edu\/wp-content\/uploads\/2022\/03\/3-1087x1536.png 1087w, https:\/\/aquaesteam.upc.edu\/wp-content\/uploads\/2022\/03\/3.png 1378w\" sizes=\"(max-width: 724px) 100vw, 724px\" \/><\/figure>\n<\/div>\n\n\n\n<div class=\"wp-block-column is-layout-flow wp-block-column-is-layout-flow\">\n<figure class=\"wp-block-image size-large\"><img loading=\"lazy\" decoding=\"async\" width=\"722\" height=\"1024\" src=\"https:\/\/aquaesteam.upc.edu\/wp-content\/uploads\/2022\/03\/8-722x1024.png\" alt=\"\" class=\"wp-image-10120\" srcset=\"https:\/\/aquaesteam.upc.edu\/wp-content\/uploads\/2022\/03\/8-722x1024.png 722w, https:\/\/aquaesteam.upc.edu\/wp-content\/uploads\/2022\/03\/8-212x300.png 212w, https:\/\/aquaesteam.upc.edu\/wp-content\/uploads\/2022\/03\/8-768x1089.png 768w, https:\/\/aquaesteam.upc.edu\/wp-content\/uploads\/2022\/03\/8-1084x1536.png 1084w, https:\/\/aquaesteam.upc.edu\/wp-content\/uploads\/2022\/03\/8.png 1370w\" sizes=\"(max-width: 722px) 100vw, 722px\" \/><\/figure>\n<\/div>\n<\/div>\n\n\n\n<div class=\"wp-block-file\"><a id=\"wp-block-file--media-cf942b83-568c-412f-8991-1a362164ecf5\" href=\"https:\/\/aquaesteam.upc.edu\/wp-content\/uploads\/2022\/03\/Programa-definitiu-ordenat.pdf\">Programa definitiu ordenat<\/a><a href=\"https:\/\/aquaesteam.upc.edu\/wp-content\/uploads\/2022\/03\/Programa-definitiu-ordenat.pdf\" class=\"wp-block-file__button wp-element-button\" download aria-describedby=\"wp-block-file--media-cf942b83-568c-412f-8991-1a362164ecf5\">Baixa<\/a><\/div>\n","protected":false},"excerpt":{"rendered":"<p>Temps de &#8230; \u00e9s un programa d&#8217;activitats que gira al voltant d&#8217;un tema STEAM, en el que es troben universitat i ciutat. El programa va neixer el 2016, impulsat per Montserrat Alsina (professora UPC) amb el suport de la Biblioteca Ateneu Les Bases. El seu desenvolupament ha perm\u00e8s dissenyar i crear tallers i activitats diverses, [&hellip;]<\/p>\n","protected":false},"author":3,"featured_media":9680,"parent":0,"menu_order":0,"comment_status":"closed","ping_status":"closed","template":"elementor_header_footer","meta":{"site-sidebar-layout":"default","site-content-layout":"","ast-site-content-layout":"default","site-content-style":"default","site-sidebar-style":"default","ast-global-header-display":"","ast-banner-title-visibility":"","ast-main-header-display":"","ast-hfb-above-header-display":"","ast-hfb-below-header-display":"","ast-hfb-mobile-header-display":"","site-post-title":"","ast-breadcrumbs-content":"","ast-featured-img":"","footer-sml-layout":"","ast-disable-related-posts":"","theme-transparent-header-meta":"","adv-header-id-meta":"","stick-header-meta":"","header-above-stick-meta":"","header-main-stick-meta":"","header-below-stick-meta":"","astra-migrate-meta-layouts":"set","ast-page-background-enabled":"default","ast-page-background-meta":{"desktop":{"background-color":"var(--ast-global-color-4)","background-image":"","background-repeat":"repeat","background-position":"center center","background-size":"auto","background-attachment":"scroll","background-type":"","background-media":"","overlay-type":"","overlay-color":"","overlay-opacity":"","overlay-gradient":""},"tablet":{"background-color":"","background-image":"","background-repeat":"repeat","background-position":"center center","background-size":"auto","background-attachment":"scroll","background-type":"","background-media":"","overlay-type":"","overlay-color":"","overlay-opacity":"","overlay-gradient":""},"mobile":{"background-color":"","background-image":"","background-repeat":"repeat","background-position":"center center","background-size":"auto","background-attachment":"scroll","background-type":"","background-media":"","overlay-type":"","overlay-color":"","overlay-opacity":"","overlay-gradient":""}},"ast-content-background-meta":{"desktop":{"background-color":"var(--ast-global-color-5)","background-image":"","background-repeat":"repeat","background-position":"center center","background-size":"auto","background-attachment":"scroll","background-type":"","background-media":"","overlay-type":"","overlay-color":"","overlay-opacity":"","overlay-gradient":""},"tablet":{"background-color":"var(--ast-global-color-5)","background-image":"","background-repeat":"repeat","background-position":"center center","background-size":"auto","background-attachment":"scroll","background-type":"","background-media":"","overlay-type":"","overlay-color":"","overlay-opacity":"","overlay-gradient":""},"mobile":{"background-color":"var(--ast-global-color-5)","background-image":"","background-repeat":"repeat","background-position":"center center","background-size":"auto","background-attachment":"scroll","background-type":"","background-media":"","overlay-type":"","overlay-color":"","overlay-opacity":"","overlay-gradient":""}},"footnotes":""},"class_list":["post-9679","page","type-page","status-publish","has-post-thumbnail","hentry"],"_links":{"self":[{"href":"https:\/\/aquaesteam.upc.edu\/index.php\/wp-json\/wp\/v2\/pages\/9679","targetHints":{"allow":["GET"]}}],"collection":[{"href":"https:\/\/aquaesteam.upc.edu\/index.php\/wp-json\/wp\/v2\/pages"}],"about":[{"href":"https:\/\/aquaesteam.upc.edu\/index.php\/wp-json\/wp\/v2\/types\/page"}],"author":[{"embeddable":true,"href":"https:\/\/aquaesteam.upc.edu\/index.php\/wp-json\/wp\/v2\/users\/3"}],"replies":[{"embeddable":true,"href":"https:\/\/aquaesteam.upc.edu\/index.php\/wp-json\/wp\/v2\/comments?post=9679"}],"version-history":[{"count":10,"href":"https:\/\/aquaesteam.upc.edu\/index.php\/wp-json\/wp\/v2\/pages\/9679\/revisions"}],"predecessor-version":[{"id":10575,"href":"https:\/\/aquaesteam.upc.edu\/index.php\/wp-json\/wp\/v2\/pages\/9679\/revisions\/10575"}],"wp:featuredmedia":[{"embeddable":true,"href":"https:\/\/aquaesteam.upc.edu\/index.php\/wp-json\/wp\/v2\/media\/9680"}],"wp:attachment":[{"href":"https:\/\/aquaesteam.upc.edu\/index.php\/wp-json\/wp\/v2\/media?parent=9679"}],"curies":[{"name":"wp","href":"https:\/\/api.w.org\/{rel}","templated":true}]}}